


{"id":20,"date":"2014-02-18T09:05:52","date_gmt":"2014-02-18T09:05:52","guid":{"rendered":"https:\/\/site4.ctfc.cat\/?page_id=20"},"modified":"2015-07-03T08:30:19","modified_gmt":"2015-07-03T08:30:19","slug":"links-and-documentation","status":"publish","type":"page","link":"https:\/\/firefficient.ctfc.cat\/?page_id=20","title":{"rendered":"Links and documentation"},"content":{"rendered":"<ul>\n<li><strong>FAO. 2007. Fire Management Global Assessment \u2013 2006. <\/strong>FAO Forestry Paper 151. \u00a0 <a href=\"\/docs\/FAO%20Global%20FM%20Assessment%202006.pdf\" target=\"_blank\">pdf<\/a> &#8211; <a href=\"http:\/\/www.fao.org\/forestry\/firemanagement\/strategy\/en\/\" target=\"_blank\">www<\/a><\/li>\n<li><strong>FAO. <\/strong><strong>2006. Fire management: review of international cooperation. <\/strong><em><\/em>Fire Management Working Paper 18. Rome. \u00a0\u00a0 <a href=\"\/docs\/Review%20of%20international%20cooperation%20FAO.pdf\" target=\"_blank\">pdf<\/a> &#8211; <a href=\"http:\/\/www.fao.org\/forestry\/firemanagement\/strategy\/en\/\" target=\"_blank\">www<\/a><\/li>\n<li><strong><strong>Silva Mediterranean Newsletter n\u00ba 4 Ao\u00fbt 2010 Dossier sp\u00e9cial sur la pr\u00e9vention des Feux de For\u00eats. \u00a0\u00a0 <\/strong><\/strong><a href=\"\/docs\/NL%204%20Dossier%20special%20FF%20FAO.pdf\" target=\"_blank\">pdf<\/a> &#8211; <a href=\"http:\/\/www.fao.org\/forestry\/silvamed\/53178\/fr\/\" target=\"_blank\">www<\/a><\/li>\n<li><strong>Silva Mediterranean Newsletter n\u00ba 4 Auguts 2010 Special focus on prevention of forest fires. \u00a0 <\/strong><a href=\"\/docs\/NL%204%20Dossier%20special%20FF%20FAO.pdf\" target=\"_blank\">pdf<\/a> &#8211; <a href=\"http:\/\/www.fao.org\/forestry\/silvamed\/53178\/en\/\" target=\"_blank\">www<\/a><\/li>\n<li><strong>Report Workshop on Forest Fires in the Mediterranean Region: Prevention and Regional Cooperation. CFS-Italy, FAO. <\/strong>Sabaudia , Italy , 13-15 May 2008. \u00a0 <a href=\"\/docs\/WK%20on%20FF%20Mediterranean%20Sabaudia2008.pdf\" target=\"_blank\">pdf<\/a> &#8211; <a href=\"http:\/\/www.fao.org\/forestry\/firemanagement\/46115\/en\/\" target=\"_blank\">www<\/a><\/li>\n<li>FAO Silva Mediterranea and other institutions 2010. <strong>Position Paper. Wildfire Prevention in the Mediterranean.\u00a0\u00a0\u00a0 <\/strong><a href=\"\/docs\/PP%20Wildfire.pdf\" target=\"_blank\">pdf<\/a> &#8211; <a href=\"http:\/\/www.fao.org\/forestry\/silvamed\/en\/\" target=\"_blank\">www<\/a><\/li>\n<li>EFI 2009. <strong>Living with Wildfires: What Science Can Tell Us <\/strong>. Discussion paper 15.\u00a0\u00a0\u00a0 <a href=\"\/docs\/Living%20with%20wildfires.pdf\" target=\"_blank\">pdf<\/a> &#8211; <a href=\"http:\/\/www.efi.int\/portal\/virtual_library\/publications\/discussion_papers\/15\/\" target=\"_blank\">www<\/a><\/li>\n<li>EFI 2010. <strong>Towards Integrated Fire Management \u2013 Outcomes of the European Project Fire Paradox. <\/strong> Research Report.\u00a0\u00a0\u00a0 <a href=\"\/docs\/Towards%20IFM.pdf\" target=\"_blank\">pdf<\/a> &#8211; <a href=\"http:\/\/www.efi.int\/portal\/virtual_library\/publications\/research_reports\/23\/\" target=\"_blank\">www<\/a><\/li>\n<li>EFI 2011. <strong>Prevention of Large Wildfires using the Fire Types Concept <\/strong>. Fire Paradox Project Publications.\u00a0\u00a0\u00a0 <a href=\"\/docs\/Fire%20types.pdf\" target=\"_blank\">pdf<\/a> &#8211; <a href=\"http:\/\/www.efi.int\/portal\/virtual_library\/publications\/project_publications\/\" target=\"_blank\">www <\/a><\/li>\n<li><strong>Improving management of UK wildfire through knowledge exchange (KfWf)<\/strong>: <a href=\"http:\/\/www.kfwf.org.uk\/\" target=\"_blank\">www<\/a><\/li>\n<li><strong>Building wildfire resilience into forest management planning (UK Forestry Comission):<\/strong><a href=\"http:\/\/www.forestry.gov.uk\/pdf\/FCPG022.pdf\/$FILE\/FCPG022.pdf\" target=\"_blank\"> pdf<\/a><\/li>\n<\/ul>\n","protected":false},"excerpt":{"rendered":"<ul>\n<li><strong>FAO. 2007. Fire Management Global Assessment \u2013 2006. <\/strong>FAO Forestry Paper 151. \u00a0 <a href=\"\/docs\/FAO%20Global%20FM%20Assessment%202006.pdf\" target=\"_blank\">pdf<\/a> &#8211; <a href=\"http:\/\/www.fao.org\/forestry\/firemanagement\/strategy\/en\/\" target=\"_blank\">www<\/a><\/li>\n<li><strong>FAO. <\/strong><strong>2006. Fire management: review of international cooperation.<\/strong><\/li>\n<p><a href=\"https:\/\/firefficient.ctfc.cat\/?page_id=20\">[more]<\/a><\/ul>\n","protected":false},"author":1,"featured_media":0,"parent":0,"menu_order":5,"comment_status":"closed","ping_status":"open","template":"","meta":{"_mi_skip_tracking":false,"footnotes":"","_links_to":"","_links_to_target":""},"class_list":["post-20","page","type-page","status-publish","hentry"],"_links":{"self":[{"href":"https:\/\/firefficient.ctfc.cat\/index.php?rest_route=\/wp\/v2\/pages\/20","targetHints":{"allow":["GET"]}}],"collection":[{"href":"https:\/\/firefficient.ctfc.cat\/index.php?rest_route=\/wp\/v2\/pages"}],"about":[{"href":"https:\/\/firefficient.ctfc.cat\/index.php?rest_route=\/wp\/v2\/types\/page"}],"author":[{"embeddable":true,"href":"https:\/\/firefficient.ctfc.cat\/index.php?rest_route=\/wp\/v2\/users\/1"}],"replies":[{"embeddable":true,"href":"https:\/\/firefficient.ctfc.cat\/index.php?rest_route=%2Fwp%2Fv2%2Fcomments&post=20"}],"version-history":[{"count":6,"href":"https:\/\/firefficient.ctfc.cat\/index.php?rest_route=\/wp\/v2\/pages\/20\/revisions"}],"predecessor-version":[{"id":277,"href":"https:\/\/firefficient.ctfc.cat\/index.php?rest_route=\/wp\/v2\/pages\/20\/revisions\/277"}],"wp:attachment":[{"href":"https:\/\/firefficient.ctfc.cat\/index.php?rest_route=%2Fwp%2Fv2%2Fmedia&parent=20"}],"curies":[{"name":"wp","href":"https:\/\/api.w.org\/{rel}","templated":true}]}}