


{"id":14,"date":"2014-02-18T09:05:12","date_gmt":"2014-02-18T09:05:12","guid":{"rendered":"https:\/\/site4.ctfc.cat\/?page_id=14"},"modified":"2015-01-26T08:35:34","modified_gmt":"2015-01-26T08:35:34","slug":"partners","status":"publish","type":"page","link":"https:\/\/firefficient.ctfc.cat\/?page_id=14","title":{"rendered":"Partners"},"content":{"rendered":"<p>The partnership includes institutions from the three main EU context (Mediterranean, continental and north) and different actors\u2019 profiles (operational, R+D and professional NGO\u2019s)<\/p>\n<h2>Coordination:<\/h2>\n<p><b>Forest Sciences Centre of Catalonia &#8211;<\/b> CTFC (Spain) <a href=\"http:\/\/www.ctfc.cat\/\">www.ctfc.cat<\/a><\/p>\n<ol>\n<li>Forest Policy and Environmental Governance unit: Eduard Plana (<b>EP_CTFC<\/b>) <a href=\"mailto:eduard.plana@ctfc.cat\" target=\"_parent\">eduard.plana@ctfc.cat<\/a>\u00a0 <i>(General coordination)<\/i><b> <\/b><\/li>\n<li>Sustainable Management unit: Dra. M\u00edriam Piqu\u00e9, Mario Bertr\u00e1n, Teresa Valor (<b>MP_CTFC<\/b>) <a href=\"mailto:miriam.pique@ctfc.cat\" target=\"_parent\">miriam.pique@ctfc.cat<\/a><\/li>\n<li>Forest ecology unit: Dr. Jose Ramon Gonz\u00e1lez (<b>JRG_CTFC<\/b>) <a href=\"mailto:jr.gonzalez@ctfc.cat\" target=\"_parent\">jr.gonzalez@ctfc.cat<\/a><\/li>\n<li>Biodiversity Lab unit: Dr. Llu\u00eds Brotons, Andrea Duane (<b>LLB_CTFC<\/b>) <a href=\"mailto:andreaduane@gmail.com\" target=\"_parent\">andreaduane@gmail.com<\/a><\/li>\n<\/ol>\n<p>&nbsp;<\/p>\n<h2>Beneficiaries:<\/h2>\n<p><b>Department of Interior from the Government of Catalonia &#8211; <\/b>INT-GRAF<b> <\/b>(Spain)<br \/>\nMarta Miralles, Marc Castellnou, Edgar Nebot <a href=\"mailto:eneboth@gencat.CAT\">eneboth@gencat.CAT<\/a><\/p>\n<p><b>European Forest Institute &#8211; Central European Regional Office and the Observatory for European Forests &#8211;<\/b> EFICENT-OEF (Germany)\u00a0\u00a0 <a href=\"http:\/\/www.eficent.efi.int\/\">http:\/\/www.eficent.efi.int<\/a><br \/>\nDaniel Kraus, Alexander Held <a href=\"mailto:daniel.kraus@efi.int\" target=\"_parent\">daniel.kraus@efi.int<\/a>, <a href=\"mailto:alexander.held@efi.int\" target=\"_parent\">alexander.held@efi.int<\/a><\/p>\n<p><b>Fire Ecology and Management Foundation Pau Costa Alcubierre &#8211;<\/b> PCF (Spain) <cite><a href=\"http:\/\/www.paucostafoundation.org\/\">http:\/\/www.paucostafoundation.org<\/a><\/cite><cite> <\/cite><br \/>\nOriol Vilalta, Mariona Borr\u00e0s, Helena Ballart, Juan Cama\u00f1o <a href=\"mailto:oriol@paucostafoundation.org\" target=\"_parent\">oriol@paucostafoundation.org<\/a><\/p>\n<p><b>King&#8217;s College London &#8211;<\/b> KCL (United Kingdom) <a href=\"http:\/\/www.kcl.ac.uk\/index.aspx\">http:\/\/www.kcl.ac.uk<\/a><br \/>\nThomas Smith, Martin Wooster <a href=\"mailto:thomas.smith@kcl.ac.uk\" target=\"_parent\">thomas.smith@kcl.ac.uk<\/a><\/p>\n","protected":false},"excerpt":{"rendered":"<p>The partnership includes institutions from the three main EU context (Mediterranean, continental and north) and different actors\u2019 profiles (operational, R+D and professional NGO\u2019s)<\/p>\n<h2>Coordination:<\/h2>\n<p><b>Forest Sciences Centre of Catalonia &#8211;<\/b> CTFC (Spain) <a href=\"http:\/\/www.ctfc.cat\/\">www.ctfc.cat<\/a><\/p>\n<ol>\n<li>Forest Policy and Environmental Governance unit: Eduard Plana (<b>EP_CTFC<\/b>) <a href=\"mailto:eduard.plana@ctfc.cat\" target=\"_parent\">eduard.plana@ctfc.cat<\/a>\u00a0 <i>(General coordination)<\/i><b> <\/b><\/li>\n<li>Sustainable Management unit: Dra.<\/li>\n<p><a href=\"https:\/\/firefficient.ctfc.cat\/?page_id=14\">[more]<\/a><\/ol>\n","protected":false},"author":1,"featured_media":0,"parent":0,"menu_order":2,"comment_status":"closed","ping_status":"open","template":"","meta":{"_mi_skip_tracking":false,"footnotes":"","_links_to":"","_links_to_target":""},"class_list":["post-14","page","type-page","status-publish","hentry"],"_links":{"self":[{"href":"https:\/\/firefficient.ctfc.cat\/index.php?rest_route=\/wp\/v2\/pages\/14","targetHints":{"allow":["GET"]}}],"collection":[{"href":"https:\/\/firefficient.ctfc.cat\/index.php?rest_route=\/wp\/v2\/pages"}],"about":[{"href":"https:\/\/firefficient.ctfc.cat\/index.php?rest_route=\/wp\/v2\/types\/page"}],"author":[{"embeddable":true,"href":"https:\/\/firefficient.ctfc.cat\/index.php?rest_route=\/wp\/v2\/users\/1"}],"replies":[{"embeddable":true,"href":"https:\/\/firefficient.ctfc.cat\/index.php?rest_route=%2Fwp%2Fv2%2Fcomments&post=14"}],"version-history":[{"count":7,"href":"https:\/\/firefficient.ctfc.cat\/index.php?rest_route=\/wp\/v2\/pages\/14\/revisions"}],"predecessor-version":[{"id":169,"href":"https:\/\/firefficient.ctfc.cat\/index.php?rest_route=\/wp\/v2\/pages\/14\/revisions\/169"}],"wp:attachment":[{"href":"https:\/\/firefficient.ctfc.cat\/index.php?rest_route=%2Fwp%2Fv2%2Fmedia&parent=14"}],"curies":[{"name":"wp","href":"https:\/\/api.w.org\/{rel}","templated":true}]}}